{"id":2458,"date":"2026-03-31T22:20:10","date_gmt":"2026-03-31T22:20:10","guid":{"rendered":"http:\/\/criuoui.cluster100.hosting.ovh.net\/?page_id=2458"},"modified":"2026-04-21T14:29:20","modified_gmt":"2026-04-21T14:29:20","slug":"impressum","status":"publish","type":"page","link":"https:\/\/top-tree.de\/index.php\/impressum\/","title":{"rendered":"Impressum"},"content":{"rendered":"<style>.elementor-2458 .elementor-element.elementor-element-0a77ff2{--display:flex;--flex-direction:column;--container-widget-width:100%;--container-widget-height:initial;--container-widget-flex-grow:0;--container-widget-align-self:initial;--flex-wrap-mobile:wrap;--padding-top:8rem;--padding-bottom:08rem;--padding-left:0rem;--padding-right:0rem;}.elementor-2458 .elementor-element.elementor-element-e830f4c .elementor-heading-title{font-family:\"Calistoga\", Sans-serif;}.elementor-2458 .elementor-element.elementor-element-e1635ae{font-family:\"Manrope\", Sans-serif;font-size:17px;line-height:27px;color:var( --e-global-color-a7bf2ce );}:root{--page-title-display:none;}<\/style>\t\t<div data-elementor-type=\"wp-page\" data-elementor-id=\"2458\" class=\"elementor elementor-2458\" data-elementor-post-type=\"page\">\n\t\t\t\t<div class=\"elementor-element elementor-element-0a77ff2 e-flex e-con-boxed wpr-particle-no wpr-jarallax-no wpr-parallax-no wpr-sticky-section-no wpr-equal-height-no e-con e-parent\" data-id=\"0a77ff2\" data-element_type=\"container\" data-e-type=\"container\">\n\t\t\t\t\t<div class=\"e-con-inner\">\n\t\t\t\t<div class=\"elementor-element elementor-element-e830f4c elementor-widget elementor-widget-heading\" data-id=\"e830f4c\" data-element_type=\"widget\" data-e-type=\"widget\" data-widget_type=\"heading.default\">\n\t\t\t\t\t<h2 class=\"elementor-heading-title elementor-size-default\">Impressum<\/h2>\t\t\t\t<\/div>\n\t\t\t\t<div class=\"elementor-element elementor-element-e1635ae elementor-widget elementor-widget-text-editor\" data-id=\"e1635ae\" data-element_type=\"widget\" data-e-type=\"widget\" data-widget_type=\"text-editor.default\">\n\t\t\t\t\t\t\t\t\t<p><strong>Angaben gem\u00e4\u00df \u00a7 5 DDG<\/strong><\/p><p><strong>Top Tree<\/strong><br \/>Inhaber: Julian Jardelot<br \/>Ludwigshafener Str. 22<br \/>67112 Mutterstadt<br \/>Deutschland<\/p><p><strong>Kontakt<\/strong><br \/>Telefon: +49 176 31484406<br \/>E-Mail: toptreebaumpflege@gmail.com<br \/>Web: top-tree.de<\/p><p><strong>Unternehmensgegenstand<\/strong><br \/>Baumpflege, Baumkontrolle, Baumsanierung, Baumf\u00e4llung, Artenschutz &amp; Habitatpflege, Gr\u00fcnpflege.<\/p><div data-olk-copy-source=\"MessageBody\"><strong>Angaben zur Berufshaftpflichtversicherung:<\/strong><\/div><div data-olk-copy-source=\"MessageBody\"><div data-olk-copy-source=\"MessageBody\">Name und Sitz des Versicherers:<\/div><div>HAVA KASSEL.DE \/ Gemeinn\u00fctzige Haftpflichtversicherungsanstalt Kassel<\/div><div>Falderbaumstra\u00dfe 41<\/div><div>34123 Kassel<\/div><div>\u00a0<\/div><\/div><p><strong>Umsatzsteuer-Identifikationsnummer<\/strong><br \/>Derzeit noch nicht vorhanden. Die Steuernummer ist in Beantragung und wird nachgereicht.<\/p><p><strong>Haftung f\u00fcr Inhalte<\/strong><br \/>Als Diensteanbieter sind wir gem\u00e4\u00df \u00a7 7 Abs. 1 DDG f\u00fcr eigene Inhalte auf diesen Seiten nach den allgemeinen Gesetzen verantwortlich. Nach \u00a7\u00a7 8 bis 10 DDG sind wir als Diensteanbieter jedoch nicht verpflichtet, \u00fcbermittelte oder gespeicherte fremde Informationen zu \u00fcberwachen oder nach Umst\u00e4nden zu forschen, die auf eine rechtswidrige T\u00e4tigkeit hinweisen. Verpflichtungen zur Entfernung oder Sperrung der Nutzung von Informationen nach den allgemeinen Gesetzen bleiben hiervon unber\u00fchrt. Eine diesbez\u00fcgliche Haftung ist jedoch erst ab dem Zeitpunkt der Kenntnis einer konkreten Rechtsverletzung m\u00f6glich. Bei Bekanntwerden entsprechender Rechtsverletzungen werden wir diese Inhalte umgehend entfernen.<\/p><p><strong>Haftung f\u00fcr Links<\/strong><br \/>Unser Angebot enth\u00e4lt Links zu externen Websites Dritter, auf deren Inhalte wir keinen Einfluss haben. Deshalb k\u00f6nnen wir f\u00fcr diese fremden Inhalte keine Gew\u00e4hr \u00fcbernehmen. F\u00fcr die Inhalte der verlinkten Seiten ist stets der jeweilige Anbieter oder Betreiber der Seiten verantwortlich. Die verlinkten Seiten wurden zum Zeitpunkt der Verlinkung auf m\u00f6gliche Rechtsverst\u00f6\u00dfe \u00fcberpr\u00fcft. Rechtswidrige Inhalte waren zum Zeitpunkt der Verlinkung nicht erkennbar. Eine permanente inhaltliche Kontrolle der verlinkten Seiten ist jedoch ohne konkrete Anhaltspunkte einer Rechtsverletzung nicht zumutbar. Bei Bekanntwerden von Rechtsverletzungen werden wir derartige Links umgehend entfernen.<\/p><p><strong>Urheberrecht<\/strong><br \/>Die durch die Seitenbetreiber erstellten Inhalte und Werke auf diesen Seiten unterliegen dem deutschen Urheberrecht. Die Vervielf\u00e4ltigung, Bearbeitung, Verbreitung und jede Art der Verwertung au\u00dferhalb der Grenzen des Urheberrechts bed\u00fcrfen der schriftlichen Zustimmung des jeweiligen Autors bzw. Erstellers. Downloads und Kopien dieser Seite sind nur f\u00fcr den privaten, nicht kommerziellen Gebrauch gestattet. Soweit die Inhalte auf dieser Seite nicht vom Betreiber erstellt wurden, werden die Urheberrechte Dritter beachtet und entsprechend gekennzeichnet. Sollten Sie trotzdem auf eine Urheberrechtsverletzung aufmerksam werden, bitten wir um einen entsprechenden Hinweis. Bei Bekanntwerden von Rechtsverletzungen werden wir derartige Inhalte umgehend entfernen.<\/p><p><strong>Verbraucherstreitbeilegung<\/strong><br \/>Wir sind nicht verpflichtet und nicht bereit, an Streitbeilegungsverfahren vor einer Verbraucherschlichtungsstelle teilzunehmen.<\/p>\t\t\t\t\t\t\t\t<\/div>\n\t\t\t\t\t<\/div>\n\t\t\t\t<\/div>\n\t\t\t\t<\/div>\n\t\t","protected":false},"excerpt":{"rendered":"<p>Impressum Angaben gem\u00e4\u00df \u00a7 5 DDG Top TreeInhaber: Julian JardelotLudwigshafener Str. 2267112 MutterstadtDeutschland KontaktTelefon: +49 176 31484406E-Mail: toptreebaumpflege@gmail.comWeb: top-tree.de UnternehmensgegenstandBaumpflege, Baumkontrolle, Baumsanierung, Baumf\u00e4llung, Artenschutz &amp; Habitatpflege, Gr\u00fcnpflege. Angaben zur Berufshaftpflichtversicherung:Name und Sitz des Versicherers:HAVA KASSEL.DE \/ Gemeinn\u00fctzige Haftpflichtversicherungsanstalt KasselFalderbaumstra\u00dfe 4134123 Kassel\u00a0 Umsatzsteuer-IdentifikationsnummerDerzeit noch nicht vorhanden. Die Steuernummer ist in Beantragung und wird nachgereicht. Haftung f\u00fcr InhalteAls Diensteanbieter sind wir gem\u00e4\u00df \u00a7 7 Abs. 1 DDG f\u00fcr eigene Inhalte auf diesen Seiten nach den allgemeinen Gesetzen verantwortlich. Nach \u00a7\u00a7 8 bis 10 DDG sind wir als Diensteanbieter jedoch nicht verpflichtet, \u00fcbermittelte oder gespeicherte fremde Informationen zu \u00fcberwachen oder nach Umst\u00e4nden zu forschen, die auf eine rechtswidrige T\u00e4tigkeit hinweisen. Verpflichtungen zur Entfernung oder Sperrung der Nutzung von Informationen nach den allgemeinen Gesetzen bleiben hiervon unber\u00fchrt. Eine diesbez\u00fcgliche Haftung ist jedoch erst ab dem Zeitpunkt der Kenntnis einer konkreten Rechtsverletzung m\u00f6glich. Bei Bekanntwerden entsprechender Rechtsverletzungen werden wir diese Inhalte umgehend entfernen. Haftung f\u00fcr LinksUnser Angebot enth\u00e4lt Links zu externen Websites Dritter, auf deren Inhalte wir keinen Einfluss haben. Deshalb k\u00f6nnen wir f\u00fcr diese fremden Inhalte keine Gew\u00e4hr \u00fcbernehmen. F\u00fcr die Inhalte der verlinkten Seiten ist stets der jeweilige Anbieter oder Betreiber der Seiten verantwortlich. Die verlinkten Seiten wurden zum Zeitpunkt der Verlinkung auf m\u00f6gliche Rechtsverst\u00f6\u00dfe \u00fcberpr\u00fcft. Rechtswidrige Inhalte waren zum Zeitpunkt der Verlinkung nicht erkennbar. Eine permanente inhaltliche Kontrolle der verlinkten Seiten ist jedoch ohne konkrete Anhaltspunkte einer Rechtsverletzung nicht zumutbar. Bei Bekanntwerden von Rechtsverletzungen werden wir derartige Links umgehend entfernen. UrheberrechtDie durch die Seitenbetreiber erstellten Inhalte und Werke auf diesen Seiten unterliegen dem deutschen Urheberrecht. Die Vervielf\u00e4ltigung, Bearbeitung, Verbreitung und jede Art der Verwertung au\u00dferhalb der Grenzen des Urheberrechts bed\u00fcrfen der schriftlichen Zustimmung des jeweiligen Autors bzw. Erstellers. Downloads und Kopien dieser Seite sind nur f\u00fcr den privaten, nicht kommerziellen Gebrauch gestattet. Soweit die Inhalte auf dieser Seite nicht vom Betreiber erstellt wurden, werden die Urheberrechte Dritter beachtet und entsprechend gekennzeichnet. Sollten Sie trotzdem auf eine Urheberrechtsverletzung aufmerksam werden, bitten wir um einen entsprechenden Hinweis. Bei Bekanntwerden von Rechtsverletzungen werden wir derartige Inhalte umgehend entfernen. VerbraucherstreitbeilegungWir sind nicht verpflichtet und nicht bereit, an Streitbeilegungsverfahren vor einer Verbraucherschlichtungsstelle teilzunehmen.<\/p>\n","protected":false},"author":2,"featured_media":0,"parent":0,"menu_order":0,"comment_status":"closed","ping_status":"closed","template":"","meta":{"footnotes":""},"class_list":["post-2458","page","type-page","status-publish","hentry"],"_links":{"self":[{"href":"https:\/\/top-tree.de\/index.php\/wp-json\/wp\/v2\/pages\/2458","targetHints":{"allow":["GET"]}}],"collection":[{"href":"https:\/\/top-tree.de\/index.php\/wp-json\/wp\/v2\/pages"}],"about":[{"href":"https:\/\/top-tree.de\/index.php\/wp-json\/wp\/v2\/types\/page"}],"author":[{"embeddable":true,"href":"https:\/\/top-tree.de\/index.php\/wp-json\/wp\/v2\/users\/2"}],"replies":[{"embeddable":true,"href":"https:\/\/top-tree.de\/index.php\/wp-json\/wp\/v2\/comments?post=2458"}],"version-history":[{"count":16,"href":"https:\/\/top-tree.de\/index.php\/wp-json\/wp\/v2\/pages\/2458\/revisions"}],"predecessor-version":[{"id":2827,"href":"https:\/\/top-tree.de\/index.php\/wp-json\/wp\/v2\/pages\/2458\/revisions\/2827"}],"wp:attachment":[{"href":"https:\/\/top-tree.de\/index.php\/wp-json\/wp\/v2\/media?parent=2458"}],"curies":[{"name":"wp","href":"https:\/\/api.w.org\/{rel}","templated":true}]}}