{"id":842,"date":"2026-03-20T23:52:11","date_gmt":"2026-03-20T23:52:11","guid":{"rendered":"http:\/\/criuoui.cluster100.hosting.ovh.net\/?page_id=842"},"modified":"2026-04-21T18:53:57","modified_gmt":"2026-04-21T18:53:57","slug":"kontakt","status":"publish","type":"page","link":"https:\/\/top-tree.de\/index.php\/kontakt\/","title":{"rendered":"Kontakt"},"content":{"rendered":"<style>.elementor-842 .elementor-element.elementor-element-7563b599{--display:flex;--flex-direction:row;--container-widget-width:initial;--container-widget-height:100%;--container-widget-flex-grow:1;--container-widget-align-self:stretch;--flex-wrap-mobile:wrap;--overlay-opacity:0.8;--margin-top:0px;--margin-bottom:0px;--margin-left:0px;--margin-right:0px;--padding-top:170px;--padding-bottom:140px;--padding-left:0px;--padding-right:0px;}.elementor-842 .elementor-element.elementor-element-7563b599:not(.elementor-motion-effects-element-type-background), .elementor-842 .elementor-element.elementor-element-7563b599 > .elementor-motion-effects-container > .elementor-motion-effects-layer{background-image:url(\"https:\/\/top-tree.de\/wp-content\/uploads\/2026\/03\/Reportage-Baumpflege-161.jpg\");background-position:center center;background-repeat:no-repeat;background-size:cover;}.elementor-842 .elementor-element.elementor-element-7563b599::before, .elementor-842 .elementor-element.elementor-element-7563b599 > .elementor-background-video-container::before, .elementor-842 .elementor-element.elementor-element-7563b599 > .e-con-inner > .elementor-background-video-container::before, .elementor-842 .elementor-element.elementor-element-7563b599 > .elementor-background-slideshow::before, .elementor-842 .elementor-element.elementor-element-7563b599 > .e-con-inner > .elementor-background-slideshow::before, .elementor-842 .elementor-element.elementor-element-7563b599 > .elementor-motion-effects-container > .elementor-motion-effects-layer::before{--background-overlay:'';background-color:var( --e-global-color-primary );}.elementor-842 .elementor-element.elementor-element-64b41e2c{--display:flex;--margin-top:0px;--margin-bottom:0px;--margin-left:0px;--margin-right:0px;--padding-top:0px;--padding-bottom:0px;--padding-left:0px;--padding-right:0px;}.elementor-842 .elementor-element.elementor-element-64b41e2c.e-con{--flex-grow:0;--flex-shrink:0;}.elementor-842 .elementor-element.elementor-element-25ead0f3{text-align:center;margin:0px 0px calc(var(--kit-widget-spacing, 0px) + 10px) 0px;padding:0px 0px 0px 0px;}.elementor-842 .elementor-element.elementor-element-25ead0f3 .elementor-heading-title{font-family:\"Calistoga\", Sans-serif;font-size:65px;font-weight:800;color:var( --e-global-color-bd2a96c );}.elementor-842 .elementor-element.elementor-element-5d86ab7{text-align:center;font-family:\"Montserrat\", Sans-serif;font-size:17px;font-weight:600;color:var( --e-global-color-bd2a96c );}.elementor-842 .elementor-element.elementor-element-649baaf8{--display:flex;--flex-direction:column;--container-widget-width:100%;--container-widget-height:initial;--container-widget-flex-grow:0;--container-widget-align-self:initial;--flex-wrap-mobile:wrap;--margin-top:-49px;--margin-bottom:0px;--margin-left:0px;--margin-right:0px;--padding-top:0px;--padding-bottom:0px;--padding-left:0px;--padding-right:0px;--z-index:1;}.elementor-842 .elementor-element.elementor-element-649baaf8:not(.elementor-motion-effects-element-type-background), .elementor-842 .elementor-element.elementor-element-649baaf8 > .elementor-motion-effects-container > .elementor-motion-effects-layer{background-image:url(\"https:\/\/top-tree.de\/wp-content\/uploads\/2026\/03\/Accent16.webp\");background-position:center center;background-size:cover;}.elementor-842 .elementor-element.elementor-element-51a40fe{--spacer-size:50px;}.elementor-842 .elementor-element.elementor-element-41a5a1ca{--display:flex;--flex-direction:column;--container-widget-width:100%;--container-widget-height:initial;--container-widget-flex-grow:0;--container-widget-align-self:initial;--flex-wrap-mobile:wrap;--margin-top:0px;--margin-bottom:0px;--margin-left:0px;--margin-right:0px;--padding-top:100px;--padding-bottom:100px;--padding-left:0px;--padding-right:0px;}.elementor-842 .elementor-element.elementor-element-28cf9aab{--display:flex;--margin-top:0px;--margin-bottom:0px;--margin-left:0px;--margin-right:0px;--padding-top:0px;--padding-bottom:0px;--padding-left:0px;--padding-right:0px;}.elementor-842 .elementor-element.elementor-element-43133857{--display:flex;--flex-direction:row;--container-widget-width:initial;--container-widget-height:100%;--container-widget-flex-grow:1;--container-widget-align-self:stretch;--flex-wrap-mobile:wrap;--margin-top:0px;--margin-bottom:0px;--margin-left:0px;--margin-right:0px;--padding-top:0px;--padding-bottom:0px;--padding-left:0px;--padding-right:0px;}.elementor-842 .elementor-element.elementor-element-1263a8ea{--display:flex;--margin-top:0px;--margin-bottom:0px;--margin-left:0px;--margin-right:0px;--padding-top:0px;--padding-bottom:0px;--padding-left:0px;--padding-right:0px;}.elementor-842 .elementor-element.elementor-element-492f77fe .elementor-heading-title{font-family:\"Calistoga\", Sans-serif;font-size:26px;}.elementor-842 .elementor-element.elementor-element-37297268{font-family:\"Manrope\", Sans-serif;font-weight:600;color:var( --e-global-color-primary );margin:0px 0px calc(var(--kit-widget-spacing, 0px) + -10px) 0px;}.elementor-842 .elementor-element.elementor-element-9654cc7 .elementor-icon-list-items:not(.elementor-inline-items) .elementor-icon-list-item:not(:last-child){padding-block-end:calc(7px\/2);}.elementor-842 .elementor-element.elementor-element-9654cc7 .elementor-icon-list-items:not(.elementor-inline-items) .elementor-icon-list-item:not(:first-child){margin-block-start:calc(7px\/2);}.elementor-842 .elementor-element.elementor-element-9654cc7 .elementor-icon-list-items.elementor-inline-items .elementor-icon-list-item{margin-inline:calc(7px\/2);}.elementor-842 .elementor-element.elementor-element-9654cc7 .elementor-icon-list-items.elementor-inline-items{margin-inline:calc(-7px\/2);}.elementor-842 .elementor-element.elementor-element-9654cc7 .elementor-icon-list-items.elementor-inline-items .elementor-icon-list-item:after{inset-inline-end:calc(-7px\/2);}.elementor-842 .elementor-element.elementor-element-9654cc7 .elementor-icon-list-icon i{color:var( --e-global-color-primary );transition:color 0.3s;}.elementor-842 .elementor-element.elementor-element-9654cc7 .elementor-icon-list-icon svg{fill:var( --e-global-color-primary );transition:fill 0.3s;}.elementor-842 .elementor-element.elementor-element-9654cc7{--e-icon-list-icon-size:19px;--icon-vertical-offset:0px;margin:0px 0px calc(var(--kit-widget-spacing, 0px) + 20px) 0px;}.elementor-842 .elementor-element.elementor-element-9654cc7 .elementor-icon-list-item > .elementor-icon-list-text, .elementor-842 .elementor-element.elementor-element-9654cc7 .elementor-icon-list-item > a{font-family:\"Manrope\", Sans-serif;font-size:1.1em;font-weight:600;}.elementor-842 .elementor-element.elementor-element-9654cc7 .elementor-icon-list-text{color:var( --e-global-color-primary );transition:color 0.3s;}.elementor-842 .elementor-element.elementor-element-3d496fa9 .elementor-heading-title{font-family:\"Montserrat\", Sans-serif;font-size:20px;font-weight:700;}.elementor-842 .elementor-element.elementor-element-392421c iframe{height:332px;}.elementor-842 .elementor-element.elementor-element-392421c{border-radius:30px 30px 30px 30px;}.elementor-842 .elementor-element.elementor-element-462e004e{--display:flex;--margin-top:0px;--margin-bottom:0px;--margin-left:0px;--margin-right:0px;--padding-top:0px;--padding-bottom:0px;--padding-left:0px;--padding-right:0px;}.elementor-842 .elementor-element.elementor-element-1c4751eb{text-align:center;margin:0px 0px calc(var(--kit-widget-spacing, 0px) + 0px) 0px;padding:2rem 0rem 0rem 0rem;}.elementor-842 .elementor-element.elementor-element-1c4751eb .elementor-heading-title{font-family:\"Calistoga\", Sans-serif;font-size:30px;font-weight:600;text-transform:none;color:var( --e-global-color-primary );}.elementor-842 .elementor-element.elementor-element-5b02cab6{--display:flex;--margin-top:0px;--margin-bottom:0px;--margin-left:0px;--margin-right:0px;--padding-top:0px;--padding-bottom:0px;--padding-left:0px;--padding-right:0px;}.elementor-842 .elementor-element.elementor-element-752febf7{--display:flex;--border-radius:30px 30px 30px 30px;box-shadow:3px 6px 10px 0px rgba(0, 0, 0, 0.23);--margin-top:0px;--margin-bottom:0px;--margin-left:0px;--margin-right:0px;--padding-top:30px;--padding-bottom:30px;--padding-left:30px;--padding-right:30px;}.elementor-842 .elementor-element.elementor-element-a6e05af .elementor-field-group{padding-right:calc( 10px\/2 );padding-left:calc( 10px\/2 );margin-bottom:10px;}.elementor-842 .elementor-element.elementor-element-a6e05af .elementor-form-fields-wrapper{margin-left:calc( -10px\/2 );margin-right:calc( -10px\/2 );margin-bottom:-10px;}.elementor-842 .elementor-element.elementor-element-a6e05af .elementor-field-group.recaptcha_v3-bottomleft, .elementor-842 .elementor-element.elementor-element-a6e05af .elementor-field-group.recaptcha_v3-bottomright{margin-bottom:0;}body.rtl .elementor-842 .elementor-element.elementor-element-a6e05af .elementor-labels-inline .elementor-field-group > label{padding-left:0px;}body:not(.rtl) .elementor-842 .elementor-element.elementor-element-a6e05af .elementor-labels-inline .elementor-field-group > label{padding-right:0px;}body .elementor-842 .elementor-element.elementor-element-a6e05af .elementor-labels-above .elementor-field-group > label{padding-bottom:0px;}.elementor-842 .elementor-element.elementor-element-a6e05af .elementor-field-group > label, .elementor-842 .elementor-element.elementor-element-a6e05af .elementor-field-subgroup label{color:var( --e-global-color-primary );}.elementor-842 .elementor-element.elementor-element-a6e05af .elementor-field-type-html{padding-bottom:0px;}.elementor-842 .elementor-element.elementor-element-a6e05af .elementor-field-group .elementor-field:not(.elementor-select-wrapper){background-color:#ffffff;}.elementor-842 .elementor-element.elementor-element-a6e05af .elementor-field-group .elementor-select-wrapper select{background-color:#ffffff;}.elementor-842 .elementor-element.elementor-element-a6e05af .e-form__buttons__wrapper__button-next{background-color:var( --e-global-color-primary );color:#ffffff;}.elementor-842 .elementor-element.elementor-element-a6e05af .elementor-button[type=\"submit\"]{background-color:var( --e-global-color-primary );color:#ffffff;}.elementor-842 .elementor-element.elementor-element-a6e05af .elementor-button[type=\"submit\"] svg *{fill:#ffffff;}.elementor-842 .elementor-element.elementor-element-a6e05af .e-form__buttons__wrapper__button-previous{background-color:var( --e-global-color-accent );color:#ffffff;}.elementor-842 .elementor-element.elementor-element-a6e05af .e-form__buttons__wrapper__button-next:hover{background-color:var( --e-global-color-4c59e7c );color:var( --e-global-color-secondary );}.elementor-842 .elementor-element.elementor-element-a6e05af .elementor-button[type=\"submit\"]:hover{background-color:var( --e-global-color-4c59e7c );color:var( --e-global-color-secondary );}.elementor-842 .elementor-element.elementor-element-a6e05af .elementor-button[type=\"submit\"]:hover svg *{fill:var( --e-global-color-secondary );}.elementor-842 .elementor-element.elementor-element-a6e05af .e-form__buttons__wrapper__button-previous:hover{color:#ffffff;}.elementor-842 .elementor-element.elementor-element-a6e05af{--e-form-steps-indicators-spacing:20px;--e-form-steps-indicator-padding:30px;--e-form-steps-indicator-inactive-secondary-color:#ffffff;--e-form-steps-indicator-active-secondary-color:#ffffff;--e-form-steps-indicator-completed-secondary-color:#ffffff;--e-form-steps-divider-width:1px;--e-form-steps-divider-gap:10px;}:root{--page-title-display:none;}@media(min-width:1025px){.elementor-842 .elementor-element.elementor-element-7563b599:not(.elementor-motion-effects-element-type-background), .elementor-842 .elementor-element.elementor-element-7563b599 > .elementor-motion-effects-container > .elementor-motion-effects-layer{background-attachment:fixed;}}@media(max-width:1024px){.elementor-842 .elementor-element.elementor-element-7563b599{--margin-top:-58px;--margin-bottom:0px;--margin-left:0px;--margin-right:0px;--padding-top:170px;--padding-bottom:130px;--padding-left:30px;--padding-right:30px;}.elementor-842 .elementor-element.elementor-element-25ead0f3 .elementor-heading-title{font-size:42px;}.elementor-842 .elementor-element.elementor-element-41a5a1ca{--padding-top:50px;--padding-bottom:100px;--padding-left:30px;--padding-right:30px;}.elementor-842 .elementor-element.elementor-element-492f77fe .elementor-heading-title{font-size:23px;}.elementor-842 .elementor-element.elementor-element-37297268{font-size:15px;}.elementor-842 .elementor-element.elementor-element-9654cc7 .elementor-icon-list-item > .elementor-icon-list-text, .elementor-842 .elementor-element.elementor-element-9654cc7 .elementor-icon-list-item > a{font-size:17px;}.elementor-842 .elementor-element.elementor-element-392421c iframe{height:304px;}}@media(max-width:767px){.elementor-842 .elementor-element.elementor-element-7563b599{--padding-top:170px;--padding-bottom:120px;--padding-left:20px;--padding-right:20px;}.elementor-842 .elementor-element.elementor-element-5d86ab7{font-size:14px;}.elementor-842 .elementor-element.elementor-element-41a5a1ca{--padding-top:50px;--padding-bottom:100px;--padding-left:20px;--padding-right:20px;}.elementor-842 .elementor-element.elementor-element-1263a8ea{--align-items:center;--container-widget-width:calc( ( 1 - var( --container-widget-flex-grow ) ) * 100% );}.elementor-842 .elementor-element.elementor-element-492f77fe{text-align:center;}.elementor-842 .elementor-element.elementor-element-37297268{text-align:center;}.elementor-842 .elementor-element.elementor-element-9654cc7{width:auto;max-width:auto;}.elementor-842 .elementor-element.elementor-element-462e004e{--padding-top:50px;--padding-bottom:0px;--padding-left:0px;--padding-right:0px;}.elementor-842 .elementor-element.elementor-element-1c4751eb{text-align:center;}.elementor-842 .elementor-element.elementor-element-752febf7{--padding-top:30px;--padding-bottom:30px;--padding-left:20px;--padding-right:20px;}}<\/style>\t\t<div data-elementor-type=\"wp-page\" data-elementor-id=\"842\" class=\"elementor elementor-842\" data-elementor-post-type=\"page\">\n\t\t\t\t<div class=\"elementor-element elementor-element-7563b599 e-flex e-con-boxed wpr-particle-no wpr-jarallax-no wpr-parallax-no wpr-sticky-section-no wpr-equal-height-no e-con e-parent\" data-id=\"7563b599\" data-element_type=\"container\" data-e-type=\"container\" data-settings=\"{&quot;background_background&quot;:&quot;classic&quot;}\">\n\t\t\t\t\t<div class=\"e-con-inner\">\n\t\t<div class=\"elementor-element elementor-element-64b41e2c e-con-full e-flex wpr-particle-no wpr-jarallax-no wpr-parallax-no wpr-sticky-section-no wpr-equal-height-no e-con e-child\" data-id=\"64b41e2c\" data-element_type=\"container\" data-e-type=\"container\">\n\t\t\t\t<div class=\"elementor-element elementor-element-25ead0f3 elementor-widget elementor-widget-heading\" data-id=\"25ead0f3\" data-element_type=\"widget\" data-e-type=\"widget\" data-widget_type=\"heading.default\">\n\t\t\t\t\t<h1 class=\"elementor-heading-title elementor-size-default\">Kontakt<\/h1>\t\t\t\t<\/div>\n\t\t\t\t<div class=\"elementor-element elementor-element-5d86ab7 elementor-widget elementor-widget-text-editor\" data-id=\"5d86ab7\" data-element_type=\"widget\" data-e-type=\"widget\" data-widget_type=\"text-editor.default\">\n\t\t\t\t\t\t\t\t\t<p>Ihr direkter Weg zu einer fachgerechten Baumpflege<\/p>\t\t\t\t\t\t\t\t<\/div>\n\t\t\t\t<\/div>\n\t\t\t\t\t<\/div>\n\t\t\t\t<\/div>\n\t\t<div class=\"elementor-element elementor-element-649baaf8 e-flex e-con-boxed wpr-particle-no wpr-jarallax-no wpr-parallax-no wpr-sticky-section-no wpr-equal-height-no e-con e-parent\" data-id=\"649baaf8\" data-element_type=\"container\" data-e-type=\"container\" data-settings=\"{&quot;background_background&quot;:&quot;classic&quot;}\">\n\t\t\t\t\t<div class=\"e-con-inner\">\n\t\t\t\t<div class=\"elementor-element elementor-element-51a40fe elementor-widget elementor-widget-spacer\" data-id=\"51a40fe\" data-element_type=\"widget\" data-e-type=\"widget\" data-widget_type=\"spacer.default\">\n\t\t\t\t\t\t\t<div class=\"elementor-spacer\">\n\t\t\t<div class=\"elementor-spacer-inner\"><\/div>\n\t\t<\/div>\n\t\t\t\t\t\t<\/div>\n\t\t\t\t\t<\/div>\n\t\t\t\t<\/div>\n\t\t<div class=\"elementor-element elementor-element-41a5a1ca e-flex e-con-boxed wpr-particle-no wpr-jarallax-no wpr-parallax-no wpr-sticky-section-no wpr-equal-height-no e-con e-parent\" data-id=\"41a5a1ca\" data-element_type=\"container\" data-e-type=\"container\">\n\t\t\t\t\t<div class=\"e-con-inner\">\n\t\t<div class=\"elementor-element elementor-element-28cf9aab e-flex e-con-boxed wpr-particle-no wpr-jarallax-no wpr-parallax-no wpr-sticky-section-no wpr-equal-height-no e-con e-child\" data-id=\"28cf9aab\" data-element_type=\"container\" data-e-type=\"container\">\n\t\t\t\t\t<div class=\"e-con-inner\">\n\t\t<div class=\"elementor-element elementor-element-43133857 e-flex e-con-boxed wpr-particle-no wpr-jarallax-no wpr-parallax-no wpr-sticky-section-no wpr-equal-height-no e-con e-child\" data-id=\"43133857\" data-element_type=\"container\" data-e-type=\"container\">\n\t\t\t\t\t<div class=\"e-con-inner\">\n\t\t<div class=\"elementor-element elementor-element-1263a8ea e-flex e-con-boxed wpr-particle-no wpr-jarallax-no wpr-parallax-no wpr-sticky-section-no wpr-equal-height-no e-con e-child\" data-id=\"1263a8ea\" data-element_type=\"container\" data-e-type=\"container\">\n\t\t\t\t\t<div class=\"e-con-inner\">\n\t\t\t\t<div class=\"elementor-element elementor-element-492f77fe elementor-widget elementor-widget-heading\" data-id=\"492f77fe\" data-element_type=\"widget\" data-e-type=\"widget\" data-widget_type=\"heading.default\">\n\t\t\t\t\t<h3 class=\"elementor-heading-title elementor-size-default\">Lassen Sie uns \u00fcber Ihre B\u00e4ume sprechen!<\/h3>\t\t\t\t<\/div>\n\t\t\t\t<div class=\"elementor-element elementor-element-37297268 elementor-widget elementor-widget-text-editor\" data-id=\"37297268\" data-element_type=\"widget\" data-e-type=\"widget\" data-widget_type=\"text-editor.default\">\n\t\t\t\t\t\t\t\t\t<p>Baumkontrolle und -pflege, F\u00e4llungen von Problemb\u00e4umen oder die weitsichtige Planung naturnaher Lebensr\u00e4ume: Das Team von Top Tree unterst\u00fctzt Sie fachkundig bei allen Fragen. Nehmen Sie hier Kontakt auf, teilen Sie mir Ihr Anliegen mit oder rufen Sie mich einfach an. Ich freue mich auf den pers\u00f6nlichen Austausch mit Ihnen.<\/p>\t\t\t\t\t\t\t\t<\/div>\n\t\t\t\t<div class=\"elementor-element elementor-element-9654cc7 elementor-widget-mobile__width-auto elementor-list-item-link-full_width elementor-widget elementor-widget-icon-list\" data-id=\"9654cc7\" data-element_type=\"widget\" data-e-type=\"widget\" data-widget_type=\"icon-list.default\">\n\t\t\t\t\t\t\t<ul class=\"elementor-icon-list-items\">\n\t\t\t\t\t\t\t<li class=\"elementor-icon-list-item\">\n\t\t\t\t\t\t\t\t\t\t\t<span class=\"elementor-icon-list-icon\">\n\t\t\t\t\t\t\t<i aria-hidden=\"true\" class=\"jki jki-phone-solid\"><\/i>\t\t\t\t\t\t<\/span>\n\t\t\t\t\t\t\t\t\t\t<span class=\"elementor-icon-list-text\">0176 314 844 06<\/span>\n\t\t\t\t\t\t\t\t\t<\/li>\n\t\t\t\t\t\t\t\t<li class=\"elementor-icon-list-item\">\n\t\t\t\t\t\t\t\t\t\t\t<span class=\"elementor-icon-list-icon\">\n\t\t\t\t\t\t\t<i aria-hidden=\"true\" class=\"jki jki-email-light\"><\/i>\t\t\t\t\t\t<\/span>\n\t\t\t\t\t\t\t\t\t\t<span class=\"elementor-icon-list-text\">toptreebaumpflege@gmail.com<\/span>\n\t\t\t\t\t\t\t\t\t<\/li>\n\t\t\t\t\t\t<\/ul>\n\t\t\t\t\t\t<\/div>\n\t\t\t\t<div class=\"elementor-element elementor-element-3d496fa9 elementor-widget elementor-widget-heading\" data-id=\"3d496fa9\" data-element_type=\"widget\" data-e-type=\"widget\" data-widget_type=\"heading.default\">\n\t\t\t\t\t<h3 class=\"elementor-heading-title elementor-size-default\">Location :<\/h3>\t\t\t\t<\/div>\n\t\t\t\t<div class=\"elementor-element elementor-element-392421c elementor-widget elementor-widget-google_maps\" data-id=\"392421c\" data-element_type=\"widget\" data-e-type=\"widget\" data-widget_type=\"google_maps.default\">\n\t\t\t\t\t\t\t<div class=\"elementor-custom-embed\">\n\t\t\t<iframe loading=\"lazy\"\n\t\t\t\t\tsrc=\"https:\/\/maps.google.com\/maps?q=Ludwigshafener%20Str.%2022%2C%2067112%20Mutterstadt%2C%20Alemania&#038;t=m&#038;z=10&#038;output=embed&#038;iwloc=near\"\n\t\t\t\t\ttitle=\"Ludwigshafener Str. 22, 67112 Mutterstadt, Alemania\"\n\t\t\t\t\taria-label=\"Ludwigshafener Str. 22, 67112 Mutterstadt, Alemania\"\n\t\t\t><\/iframe>\n\t\t<\/div>\n\t\t\t\t\t\t<\/div>\n\t\t\t\t\t<\/div>\n\t\t\t\t<\/div>\n\t\t<div class=\"elementor-element elementor-element-462e004e e-flex e-con-boxed wpr-particle-no wpr-jarallax-no wpr-parallax-no wpr-sticky-section-no wpr-equal-height-no e-con e-child\" data-id=\"462e004e\" data-element_type=\"container\" data-e-type=\"container\">\n\t\t\t\t\t<div class=\"e-con-inner\">\n\t\t\t\t<div class=\"elementor-element elementor-element-1c4751eb elementor-widget elementor-widget-heading\" data-id=\"1c4751eb\" data-element_type=\"widget\" data-e-type=\"widget\" data-widget_type=\"heading.default\">\n\t\t\t\t\t<h2 class=\"elementor-heading-title elementor-size-default\">Kontaktieren Sie uns<\/h2>\t\t\t\t<\/div>\n\t\t<div class=\"elementor-element elementor-element-5b02cab6 e-flex e-con-boxed wpr-particle-no wpr-jarallax-no wpr-parallax-no wpr-sticky-section-no wpr-equal-height-no e-con e-child\" data-id=\"5b02cab6\" data-element_type=\"container\" data-e-type=\"container\">\n\t\t\t\t\t<div class=\"e-con-inner\">\n\t\t<div class=\"elementor-element elementor-element-752febf7 e-flex e-con-boxed wpr-particle-no wpr-jarallax-no wpr-parallax-no wpr-sticky-section-no wpr-equal-height-no e-con e-child\" data-id=\"752febf7\" data-element_type=\"container\" data-e-type=\"container\">\n\t\t\t\t\t<div class=\"e-con-inner\">\n\t\t\t\t<div class=\"elementor-element elementor-element-a6e05af elementor-button-align-stretch elementor-widget elementor-widget-form\" data-id=\"a6e05af\" data-element_type=\"widget\" data-e-type=\"widget\" data-settings=\"{&quot;step_next_label&quot;:&quot;Next&quot;,&quot;step_previous_label&quot;:&quot;Previous&quot;,&quot;button_width&quot;:&quot;100&quot;,&quot;step_type&quot;:&quot;number_text&quot;,&quot;step_icon_shape&quot;:&quot;circle&quot;}\" data-widget_type=\"form.default\">\n\t\t\t\t\t\t\t<form class=\"elementor-form\" method=\"post\" name=\"New Form\" aria-label=\"New Form\">\n\t\t\t<input type=\"hidden\" name=\"post_id\" value=\"842\"\/>\n\t\t\t<input type=\"hidden\" name=\"form_id\" value=\"a6e05af\"\/>\n\t\t\t<input type=\"hidden\" name=\"referer_title\" value=\"\" \/>\n\n\t\t\t\n\t\t\t<div class=\"elementor-form-fields-wrapper elementor-labels-above\">\n\t\t\t\t\t\t\t\t<div class=\"elementor-field-type-text elementor-field-group elementor-column elementor-field-group-name elementor-col-100\">\n\t\t\t\t\t\t\t\t\t\t\t\t\t<input size=\"1\" type=\"text\" name=\"form_fields[name]\" id=\"form-field-name\" class=\"elementor-field elementor-size-sm  elementor-field-textual\" placeholder=\"Name\">\n\t\t\t\t\t\t\t\t\t\t\t<\/div>\n\t\t\t\t\t\t\t\t<div class=\"elementor-field-type-email elementor-field-group elementor-column elementor-field-group-email elementor-col-100 elementor-field-required\">\n\t\t\t\t\t\t\t\t\t\t\t\t\t<input size=\"1\" type=\"email\" name=\"form_fields[email]\" id=\"form-field-email\" class=\"elementor-field elementor-size-sm  elementor-field-textual\" placeholder=\"Email\" required=\"required\">\n\t\t\t\t\t\t\t\t\t\t\t<\/div>\n\t\t\t\t\t\t\t\t<div class=\"elementor-field-type-textarea elementor-field-group elementor-column elementor-field-group-message elementor-col-100\">\n\t\t\t\t\t<textarea class=\"elementor-field-textual elementor-field  elementor-size-sm\" name=\"form_fields[message]\" id=\"form-field-message\" rows=\"4\" placeholder=\"Nachricht\"><\/textarea>\t\t\t\t<\/div>\n\t\t\t\t\t\t\t\t<div class=\"elementor-field-group elementor-column elementor-field-type-submit elementor-col-100 e-form__buttons\">\n\t\t\t\t\t<button class=\"elementor-button elementor-size-md\" type=\"submit\">\n\t\t\t\t\t\t<span class=\"elementor-button-content-wrapper\">\n\t\t\t\t\t\t\t\t\t\t\t\t\t\t\t\t\t\t\t\t\t\t<span class=\"elementor-button-text\">Senden<\/span>\n\t\t\t\t\t\t\t\t\t\t\t\t\t<\/span>\n\t\t\t\t\t<\/button>\n\t\t\t\t<\/div>\n\t\t\t<\/div>\n\t\t<\/form>\n\t\t\t\t\t\t<\/div>\n\t\t\t\t\t<\/div>\n\t\t\t\t<\/div>\n\t\t\t\t\t<\/div>\n\t\t\t\t<\/div>\n\t\t\t\t\t<\/div>\n\t\t\t\t<\/div>\n\t\t\t\t\t<\/div>\n\t\t\t\t<\/div>\n\t\t\t\t\t<\/div>\n\t\t\t\t<\/div>\n\t\t\t\t\t<\/div>\n\t\t\t\t<\/div>\n\t\t\t\t<\/div>\n\t\t","protected":false},"excerpt":{"rendered":"<p>Kontakt Ihr direkter Weg zu einer fachgerechten Baumpflege Lassen Sie uns \u00fcber Ihre B\u00e4ume sprechen! Baumkontrolle und -pflege, F\u00e4llungen von Problemb\u00e4umen oder die weitsichtige Planung naturnaher Lebensr\u00e4ume: Das Team von Top Tree unterst\u00fctzt Sie fachkundig bei allen Fragen. Nehmen Sie hier Kontakt auf, teilen Sie mir Ihr Anliegen mit oder rufen Sie mich einfach an. Ich freue mich auf den pers\u00f6nlichen Austausch mit Ihnen. 0176 314 844 06 toptreebaumpflege@gmail.com Location : Kontaktieren Sie uns<\/p>\n","protected":false},"author":2,"featured_media":0,"parent":0,"menu_order":0,"comment_status":"closed","ping_status":"closed","template":"","meta":{"footnotes":""},"class_list":["post-842","page","type-page","status-publish","hentry"],"_links":{"self":[{"href":"https:\/\/top-tree.de\/index.php\/wp-json\/wp\/v2\/pages\/842","targetHints":{"allow":["GET"]}}],"collection":[{"href":"https:\/\/top-tree.de\/index.php\/wp-json\/wp\/v2\/pages"}],"about":[{"href":"https:\/\/top-tree.de\/index.php\/wp-json\/wp\/v2\/types\/page"}],"author":[{"embeddable":true,"href":"https:\/\/top-tree.de\/index.php\/wp-json\/wp\/v2\/users\/2"}],"replies":[{"embeddable":true,"href":"https:\/\/top-tree.de\/index.php\/wp-json\/wp\/v2\/comments?post=842"}],"version-history":[{"count":118,"href":"https:\/\/top-tree.de\/index.php\/wp-json\/wp\/v2\/pages\/842\/revisions"}],"predecessor-version":[{"id":3385,"href":"https:\/\/top-tree.de\/index.php\/wp-json\/wp\/v2\/pages\/842\/revisions\/3385"}],"wp:attachment":[{"href":"https:\/\/top-tree.de\/index.php\/wp-json\/wp\/v2\/media?parent=842"}],"curies":[{"name":"wp","href":"https:\/\/api.w.org\/{rel}","templated":true}]}}